{"id":671,"date":"2019-11-16T14:47:36","date_gmt":"2019-11-16T19:47:36","guid":{"rendered":"https:\/\/bean-b.com\/produit\/le-colossal-bean-b-lounge-extensible-xl\/"},"modified":"2020-02-20T15:36:41","modified_gmt":"2020-02-20T20:36:41","slug":"le-colossal-bean-b-lounge-extensible-xl","status":"publish","type":"product","link":"https:\/\/bean-b.com\/en\/product\/le-colossal-bean-b-lounge-extensible-xl\/","title":{"rendered":"Bean-b Stretch Interior LOUNGE &#8211; 1 cover included"},"content":{"rendered":"<p>The operation is very simple and easy to maintain.<\/p>\n<p>Put on the cover and it&#8217;s done!<\/p>\n<p>Moreover, each cover is interchangeable, washable and up to date.<\/p>\n<p>1 COVER INCLUDED: Choice of burgundy, pale grey or black and grey marbled<\/p>\n<p>Additional covers sold separately.<\/p>\n","protected":false},"excerpt":{"rendered":"<p>The expandable Bean-b division is made entirely in Canada using new and upgraded materials.<\/p>\n<p>These units are dedicated to domestic and indoor use.<\/p>\n<p>Visit the <a href=\"https:\/\/bean-b.com\/en\/faq\/\">FAQ<\/a>!<\/p>\n<p><a href=\"https:\/\/bean-b.com\/en\/contact\/\">Contact us<\/a> for more information!<\/p>\n<p><a href=\"https:\/\/bean-b.com\/en\/shop\/\">Gift certificates<\/a> available!<\/p>\n<p>&nbsp;<\/p>\n","protected":false},"featured_media":922,"template":"","meta":[],"product_cat":[48],"product_tag":[],"acf":[],"yoast_head":"<!-- This site is optimized with the Yoast SEO plugin v20.11 - https:\/\/yoast.com\/wordpress\/plugins\/seo\/ -->\n<title>Bean Bag Bean-b, Lounge and stretch. Made in Canada, Quebec.<\/title>\n<meta name=\"description\" content=\"Trendy furniture and accessories made entirely in Canada from upgraded and new materials. Bean Bag Bean-b in Quebec. Shop online\" \/>\n<meta name=\"robots\" content=\"index, follow, max-snippet:-1, max-image-preview:large, max-video-preview:-1\" \/>\n<link rel=\"canonical\" href=\"https:\/\/bean-b.com\/en\/product\/le-colossal-bean-b-lounge-extensible-xl\/\" \/>\n<meta property=\"og:locale\" content=\"en_US\" \/>\n<meta property=\"og:type\" content=\"article\" \/>\n<meta property=\"og:title\" content=\"Meubles et accessoires tendances enti\u00e8rement fabriqu\u00e9s au Qu\u00e9bec \u00e0 partir de mati\u00e8res recycl\u00e9es et neuves. Bean Bag Bean-b au Canada. Boutique en ligne!\" \/>\n<meta property=\"og:description\" content=\"Meubles et accessoires tendances enti\u00e8rement fabriqu\u00e9s au Qu\u00e9bec \u00e0 partir de mati\u00e8res recycl\u00e9es et neuves. Bean Bag Bean-b au Canada. Boutique en ligne!\" \/>\n<meta property=\"og:url\" content=\"https:\/\/bean-b.com\/en\/product\/le-colossal-bean-b-lounge-extensible-xl\/\" \/>\n<meta property=\"og:site_name\" content=\"Bean-b\" \/>\n<meta property=\"article:publisher\" content=\"https:\/\/www.facebook.com\/beanb2016\/?modal=admin_todo_tour\" \/>\n<meta property=\"article:modified_time\" content=\"2020-02-20T20:36:41+00:00\" \/>\n<meta property=\"og:image\" content=\"https:\/\/bean-b.com\/wp-content\/uploads\/2019\/11\/bean_b_bag_fat_boy_sac_poche_quebec_montreal_coussin_divan_matelas-22.jpg\" \/>\n\t<meta property=\"og:image:width\" content=\"1620\" \/>\n\t<meta property=\"og:image:height\" content=\"1080\" \/>\n\t<meta property=\"og:image:type\" content=\"image\/jpeg\" \/>\n<meta name=\"twitter:card\" content=\"summary_large_image\" \/>\n<meta name=\"twitter:title\" content=\"Meubles et accessoires tendances enti\u00e8rement fabriqu\u00e9s au Qu\u00e9bec \u00e0 partir de mati\u00e8res recycl\u00e9es et neuves. Bean Bag Bean-b au Canada. Boutique en ligne!\" \/>\n<meta name=\"twitter:description\" content=\"Meubles et accessoires tendances enti\u00e8rement fabriqu\u00e9s au Qu\u00e9bec \u00e0 partir de mati\u00e8res recycl\u00e9es et neuves. Bean Bag Bean-b au Canada. Boutique en ligne!\" \/>\n<meta name=\"twitter:image\" content=\"https:\/\/bean-b.com\/wp-content\/uploads\/2019\/11\/bean_b_bag_fat_boy_sac_poche_quebec_montreal_coussin_divan_matelas-11.jpg\" \/>\n<script type=\"application\/ld+json\" class=\"yoast-schema-graph\">{\"@context\":\"https:\/\/schema.org\",\"@graph\":[{\"@type\":\"WebPage\",\"@id\":\"https:\/\/bean-b.com\/en\/product\/le-colossal-bean-b-lounge-extensible-xl\/\",\"url\":\"https:\/\/bean-b.com\/en\/product\/le-colossal-bean-b-lounge-extensible-xl\/\",\"name\":\"Bean Bag Bean-b, Lounge and stretch. Made in Canada, Quebec.\",\"isPartOf\":{\"@id\":\"https:\/\/bean-b.com\/en\/#website\"},\"datePublished\":\"2019-11-16T19:47:36+00:00\",\"dateModified\":\"2020-02-20T20:36:41+00:00\",\"description\":\"Trendy furniture and accessories made entirely in Canada from upgraded and new materials. Bean Bag Bean-b in Quebec. Shop online\",\"breadcrumb\":{\"@id\":\"https:\/\/bean-b.com\/en\/product\/le-colossal-bean-b-lounge-extensible-xl\/#breadcrumb\"},\"inLanguage\":\"en-US\",\"potentialAction\":[{\"@type\":\"ReadAction\",\"target\":[\"https:\/\/bean-b.com\/en\/product\/le-colossal-bean-b-lounge-extensible-xl\/\"]}]},{\"@type\":\"BreadcrumbList\",\"@id\":\"https:\/\/bean-b.com\/en\/product\/le-colossal-bean-b-lounge-extensible-xl\/#breadcrumb\",\"itemListElement\":[{\"@type\":\"ListItem\",\"position\":1,\"name\":\"Accueil\",\"item\":\"https:\/\/bean-b.com\/en\/\"},{\"@type\":\"ListItem\",\"position\":2,\"name\":\"Shop\",\"item\":\"https:\/\/bean-b.com\/en\/shop\/\"},{\"@type\":\"ListItem\",\"position\":3,\"name\":\"Bean-b Stretch Interior LOUNGE &#8211; 1 cover included\"}]},{\"@type\":\"WebSite\",\"@id\":\"https:\/\/bean-b.com\/en\/#website\",\"url\":\"https:\/\/bean-b.com\/en\/\",\"name\":\"Bean-b\",\"description\":\"R\u00e9sistance, \u00e9cologie et relaxation ultime\",\"publisher\":{\"@id\":\"https:\/\/bean-b.com\/en\/#organization\"},\"potentialAction\":[{\"@type\":\"SearchAction\",\"target\":{\"@type\":\"EntryPoint\",\"urlTemplate\":\"https:\/\/bean-b.com\/en\/?s={search_term_string}\"},\"query-input\":\"required name=search_term_string\"}],\"inLanguage\":\"en-US\"},{\"@type\":\"Organization\",\"@id\":\"https:\/\/bean-b.com\/en\/#organization\",\"name\":\"Bean-b\",\"url\":\"https:\/\/bean-b.com\/en\/\",\"logo\":{\"@type\":\"ImageObject\",\"inLanguage\":\"en-US\",\"@id\":\"https:\/\/bean-b.com\/en\/#\/schema\/logo\/image\/\",\"url\":\"https:\/\/bean-b.com\/wp-content\/uploads\/2019\/07\/logo.png\",\"contentUrl\":\"https:\/\/bean-b.com\/wp-content\/uploads\/2019\/07\/logo.png\",\"width\":341,\"height\":85,\"caption\":\"Bean-b\"},\"image\":{\"@id\":\"https:\/\/bean-b.com\/en\/#\/schema\/logo\/image\/\"},\"sameAs\":[\"https:\/\/www.facebook.com\/beanb2016\/?modal=admin_todo_tour\"]}]}<\/script>\n<!-- \/ Yoast SEO plugin. -->","yoast_head_json":{"title":"Bean Bag Bean-b, Lounge and stretch. Made in Canada, Quebec.","description":"Trendy furniture and accessories made entirely in Canada from upgraded and new materials. Bean Bag Bean-b in Quebec. Shop online","robots":{"index":"index","follow":"follow","max-snippet":"max-snippet:-1","max-image-preview":"max-image-preview:large","max-video-preview":"max-video-preview:-1"},"canonical":"https:\/\/bean-b.com\/en\/product\/le-colossal-bean-b-lounge-extensible-xl\/","og_locale":"en_US","og_type":"article","og_title":"Meubles et accessoires tendances enti\u00e8rement fabriqu\u00e9s au Qu\u00e9bec \u00e0 partir de mati\u00e8res recycl\u00e9es et neuves. Bean Bag Bean-b au Canada. Boutique en ligne!","og_description":"Meubles et accessoires tendances enti\u00e8rement fabriqu\u00e9s au Qu\u00e9bec \u00e0 partir de mati\u00e8res recycl\u00e9es et neuves. Bean Bag Bean-b au Canada. Boutique en ligne!","og_url":"https:\/\/bean-b.com\/en\/product\/le-colossal-bean-b-lounge-extensible-xl\/","og_site_name":"Bean-b","article_publisher":"https:\/\/www.facebook.com\/beanb2016\/?modal=admin_todo_tour","article_modified_time":"2020-02-20T20:36:41+00:00","og_image":[{"width":1620,"height":1080,"url":"https:\/\/bean-b.com\/wp-content\/uploads\/2019\/11\/bean_b_bag_fat_boy_sac_poche_quebec_montreal_coussin_divan_matelas-22.jpg","type":"image\/jpeg"}],"twitter_card":"summary_large_image","twitter_title":"Meubles et accessoires tendances enti\u00e8rement fabriqu\u00e9s au Qu\u00e9bec \u00e0 partir de mati\u00e8res recycl\u00e9es et neuves. Bean Bag Bean-b au Canada. Boutique en ligne!","twitter_description":"Meubles et accessoires tendances enti\u00e8rement fabriqu\u00e9s au Qu\u00e9bec \u00e0 partir de mati\u00e8res recycl\u00e9es et neuves. Bean Bag Bean-b au Canada. Boutique en ligne!","twitter_image":"https:\/\/bean-b.com\/wp-content\/uploads\/2019\/11\/bean_b_bag_fat_boy_sac_poche_quebec_montreal_coussin_divan_matelas-11.jpg","schema":{"@context":"https:\/\/schema.org","@graph":[{"@type":"WebPage","@id":"https:\/\/bean-b.com\/en\/product\/le-colossal-bean-b-lounge-extensible-xl\/","url":"https:\/\/bean-b.com\/en\/product\/le-colossal-bean-b-lounge-extensible-xl\/","name":"Bean Bag Bean-b, Lounge and stretch. Made in Canada, Quebec.","isPartOf":{"@id":"https:\/\/bean-b.com\/en\/#website"},"datePublished":"2019-11-16T19:47:36+00:00","dateModified":"2020-02-20T20:36:41+00:00","description":"Trendy furniture and accessories made entirely in Canada from upgraded and new materials. Bean Bag Bean-b in Quebec. Shop online","breadcrumb":{"@id":"https:\/\/bean-b.com\/en\/product\/le-colossal-bean-b-lounge-extensible-xl\/#breadcrumb"},"inLanguage":"en-US","potentialAction":[{"@type":"ReadAction","target":["https:\/\/bean-b.com\/en\/product\/le-colossal-bean-b-lounge-extensible-xl\/"]}]},{"@type":"BreadcrumbList","@id":"https:\/\/bean-b.com\/en\/product\/le-colossal-bean-b-lounge-extensible-xl\/#breadcrumb","itemListElement":[{"@type":"ListItem","position":1,"name":"Accueil","item":"https:\/\/bean-b.com\/en\/"},{"@type":"ListItem","position":2,"name":"Shop","item":"https:\/\/bean-b.com\/en\/shop\/"},{"@type":"ListItem","position":3,"name":"Bean-b Stretch Interior LOUNGE &#8211; 1 cover included"}]},{"@type":"WebSite","@id":"https:\/\/bean-b.com\/en\/#website","url":"https:\/\/bean-b.com\/en\/","name":"Bean-b","description":"R\u00e9sistance, \u00e9cologie et relaxation ultime","publisher":{"@id":"https:\/\/bean-b.com\/en\/#organization"},"potentialAction":[{"@type":"SearchAction","target":{"@type":"EntryPoint","urlTemplate":"https:\/\/bean-b.com\/en\/?s={search_term_string}"},"query-input":"required name=search_term_string"}],"inLanguage":"en-US"},{"@type":"Organization","@id":"https:\/\/bean-b.com\/en\/#organization","name":"Bean-b","url":"https:\/\/bean-b.com\/en\/","logo":{"@type":"ImageObject","inLanguage":"en-US","@id":"https:\/\/bean-b.com\/en\/#\/schema\/logo\/image\/","url":"https:\/\/bean-b.com\/wp-content\/uploads\/2019\/07\/logo.png","contentUrl":"https:\/\/bean-b.com\/wp-content\/uploads\/2019\/07\/logo.png","width":341,"height":85,"caption":"Bean-b"},"image":{"@id":"https:\/\/bean-b.com\/en\/#\/schema\/logo\/image\/"},"sameAs":["https:\/\/www.facebook.com\/beanb2016\/?modal=admin_todo_tour"]}]}},"_links":{"self":[{"href":"https:\/\/bean-b.com\/en\/wp-json\/wp\/v2\/product\/671"}],"collection":[{"href":"https:\/\/bean-b.com\/en\/wp-json\/wp\/v2\/product"}],"about":[{"href":"https:\/\/bean-b.com\/en\/wp-json\/wp\/v2\/types\/product"}],"wp:featuredmedia":[{"embeddable":true,"href":"https:\/\/bean-b.com\/en\/wp-json\/wp\/v2\/media\/922"}],"wp:attachment":[{"href":"https:\/\/bean-b.com\/en\/wp-json\/wp\/v2\/media?parent=671"}],"wp:term":[{"taxonomy":"product_cat","embeddable":true,"href":"https:\/\/bean-b.com\/en\/wp-json\/wp\/v2\/product_cat?post=671"},{"taxonomy":"product_tag","embeddable":true,"href":"https:\/\/bean-b.com\/en\/wp-json\/wp\/v2\/product_tag?post=671"}],"curies":[{"name":"wp","href":"https:\/\/api.w.org\/{rel}","templated":true}]}}